{"id":126,"date":"2025-03-06T12:58:24","date_gmt":"2025-03-06T12:58:24","guid":{"rendered":"https:\/\/shoqatalazerati.al\/?page_id=126"},"modified":"2025-04-04T09:12:25","modified_gmt":"2025-04-04T09:12:25","slug":"blog","status":"publish","type":"page","link":"https:\/\/www.shoqatalazerati.al\/?page_id=126","title":{"rendered":"Blog"},"content":{"rendered":"\t\t<div data-elementor-type=\"wp-page\" data-elementor-id=\"126\" class=\"elementor elementor-126\" data-elementor-settings=\"{&quot;element_pack_global_tooltip_width&quot;:{&quot;unit&quot;:&quot;px&quot;,&quot;size&quot;:&quot;&quot;,&quot;sizes&quot;:[]},&quot;element_pack_global_tooltip_width_tablet&quot;:{&quot;unit&quot;:&quot;px&quot;,&quot;size&quot;:&quot;&quot;,&quot;sizes&quot;:[]},&quot;element_pack_global_tooltip_width_mobile&quot;:{&quot;unit&quot;:&quot;px&quot;,&quot;size&quot;:&quot;&quot;,&quot;sizes&quot;:[]},&quot;element_pack_global_tooltip_padding&quot;:{&quot;unit&quot;:&quot;px&quot;,&quot;top&quot;:&quot;&quot;,&quot;right&quot;:&quot;&quot;,&quot;bottom&quot;:&quot;&quot;,&quot;left&quot;:&quot;&quot;,&quot;isLinked&quot;:true},&quot;element_pack_global_tooltip_padding_tablet&quot;:{&quot;unit&quot;:&quot;px&quot;,&quot;top&quot;:&quot;&quot;,&quot;right&quot;:&quot;&quot;,&quot;bottom&quot;:&quot;&quot;,&quot;left&quot;:&quot;&quot;,&quot;isLinked&quot;:true},&quot;element_pack_global_tooltip_padding_mobile&quot;:{&quot;unit&quot;:&quot;px&quot;,&quot;top&quot;:&quot;&quot;,&quot;right&quot;:&quot;&quot;,&quot;bottom&quot;:&quot;&quot;,&quot;left&quot;:&quot;&quot;,&quot;isLinked&quot;:true},&quot;element_pack_global_tooltip_border_radius&quot;:{&quot;unit&quot;:&quot;px&quot;,&quot;top&quot;:&quot;&quot;,&quot;right&quot;:&quot;&quot;,&quot;bottom&quot;:&quot;&quot;,&quot;left&quot;:&quot;&quot;,&quot;isLinked&quot;:true},&quot;element_pack_global_tooltip_border_radius_tablet&quot;:{&quot;unit&quot;:&quot;px&quot;,&quot;top&quot;:&quot;&quot;,&quot;right&quot;:&quot;&quot;,&quot;bottom&quot;:&quot;&quot;,&quot;left&quot;:&quot;&quot;,&quot;isLinked&quot;:true},&quot;element_pack_global_tooltip_border_radius_mobile&quot;:{&quot;unit&quot;:&quot;px&quot;,&quot;top&quot;:&quot;&quot;,&quot;right&quot;:&quot;&quot;,&quot;bottom&quot;:&quot;&quot;,&quot;left&quot;:&quot;&quot;,&quot;isLinked&quot;:true}}\">\n\t\t\t\t<div class=\"elementor-element elementor-element-49d29eb e-flex e-con-boxed e-con e-parent\" data-id=\"49d29eb\" data-element_type=\"container\">\n\t\t\t\t\t<div class=\"e-con-inner\">\n\t\t\t\t<div style=\"--top_meta-font-size: 16px;--before_title_meta-font-size: 16px;--after_title_meta-font-size: 16px;--bottom_meta-font-size: 16px;\" class=\"elementor-element elementor-element-30ede60 no ui-e-apg-classic ui-e-img-anim-zoom elementor-widget elementor-widget-uicore-advanced-post-grid\" data-id=\"30ede60\" data-element_type=\"widget\" data-settings=\"{&quot;masonry&quot;:&quot;no&quot;}\" data-widget_type=\"uicore-advanced-post-grid.default\">\n\t\t\t\t<div class=\"elementor-widget-container\">\n\t\t\t\t\t                <div class=\"ui-e-adv-grid \">\n                    \n            <div class=\"ui-e-post-item ui-e-item ui-e-animations-wrp  \">\n                <article class=\"post-312 post type-post status-publish format-standard has-post-thumbnail hentry category-uncategorized\">\n                    <div class=\"ui-e-post-top\">\n                                    <a class=\"ui-e-post-img-wrapp\"\n               href=\"https:\/\/www.shoqatalazerati.al\/?p=312\"\n               title=\"View Post:Elias Maliq Lazarati\">\n\n                                    <div class=\"ui-e-post-img\" style=\"background-image:url(https:\/\/www.shoqatalazerati.al\/wp-content\/uploads\/2025\/07\/Screenshot-2025-07-29-153412.png)\"><\/div>\n                            <\/a>\n                                                    <\/div>\n                    <div class=\"ui-e-post-content\">\n                                                            <a href=\"https:\/\/www.shoqatalazerati.al\/?p=312\" title=\"View Post:Elias Maliq Lazarati\">\n                <h4 class=\"ui-e-post-title\"><span>Elias Maliq Lazarati<\/span><\/h4>\n            <\/a>\n                                <div class=\"ui-e-meta-wrapp\"><div class=\"ui-e-post-meta ui-e-after_title\"><div class=\"ui-e-meta-item\">July 29, 2025<\/div><\/div><\/div>                        <div class=\"ui-e-post-text\">N\u00eb Kujtim t\u00eb Elias Maliq Lazaratit: Nj\u00eb Jet\u00eb n\u00eb Sh\u00ebrbim t\u00eb Kombit dhe Diaspor\u00ebs M\u00eb 26 maj 2025, komuniteti shqiptaro-amerikan do t\u00eb [&hellip;]<\/div>                        <div class=\"ui-e-post-meta ui-e-bottom\"><\/div>                                            <\/div>\n                <\/article>\n            <\/div>\n\n        \n            <div class=\"ui-e-post-item ui-e-item ui-e-animations-wrp  \">\n                <article class=\"post-199 post type-post status-publish format-standard has-post-thumbnail hentry category-uncategorized\">\n                    <div class=\"ui-e-post-top\">\n                                    <a class=\"ui-e-post-img-wrapp\"\n               href=\"https:\/\/www.shoqatalazerati.al\/?p=199\"\n               title=\"View Post:Muhamet Gjollesha \u2013 Nj\u00eb Em\u00ebr i Lidhur me Historin\u00eb dhe Arsimin Shqiptar\">\n\n                                    <div class=\"ui-e-post-img\" style=\"background-image:url(https:\/\/www.shoqatalazerati.al\/wp-content\/uploads\/2025\/04\/Screenshot-2025-04-04-110247-602x650.png)\"><\/div>\n                            <\/a>\n                                                    <\/div>\n                    <div class=\"ui-e-post-content\">\n                                                            <a href=\"https:\/\/www.shoqatalazerati.al\/?p=199\" title=\"View Post:Muhamet Gjollesha \u2013 Nj\u00eb Em\u00ebr i Lidhur me Historin\u00eb dhe Arsimin Shqiptar\">\n                <h4 class=\"ui-e-post-title\"><span>Muhamet Gjollesha \u2013 Nj\u00eb Em\u00ebr i Lidhur me Historin\u00eb dhe Arsimin Shqiptar<\/span><\/h4>\n            <\/a>\n                                <div class=\"ui-e-meta-wrapp\"><div class=\"ui-e-post-meta ui-e-after_title\"><div class=\"ui-e-meta-item\">April 4, 2025<\/div><\/div><\/div>                        <div class=\"ui-e-post-text\">Muhamet Gjollesha ishte nj\u00eb figur\u00eb e shquar shqiptare, i njohur p\u00ebr kontributin e tij n\u00eb fush\u00ebn e arsimit dhe administrat\u00ebs shtet\u00ebrore. Ai [&hellip;]<\/div>                        <div class=\"ui-e-post-meta ui-e-bottom\"><\/div>                                            <\/div>\n                <\/article>\n            <\/div>\n\n        \n            <div class=\"ui-e-post-item ui-e-item ui-e-animations-wrp  \">\n                <article class=\"post-194 post type-post status-publish format-standard has-post-thumbnail hentry category-uncategorized\">\n                    <div class=\"ui-e-post-top\">\n                                    <a class=\"ui-e-post-img-wrapp\"\n               href=\"https:\/\/www.shoqatalazerati.al\/?p=194\"\n               title=\"View Post:Ura e Kordhoc\u00ebs\">\n\n                                    <div class=\"ui-e-post-img\" style=\"background-image:url(https:\/\/www.shoqatalazerati.al\/wp-content\/uploads\/2025\/04\/456acb4d-4838-4f4f-802f-d5d55ece0b8f-650x379.jpeg)\"><\/div>\n                            <\/a>\n                                                    <\/div>\n                    <div class=\"ui-e-post-content\">\n                                                            <a href=\"https:\/\/www.shoqatalazerati.al\/?p=194\" title=\"View Post:Ura e Kordhoc\u00ebs\">\n                <h4 class=\"ui-e-post-title\"><span>Ura e Kordhoc\u00ebs<\/span><\/h4>\n            <\/a>\n                                <div class=\"ui-e-meta-wrapp\"><div class=\"ui-e-post-meta ui-e-after_title\"><div class=\"ui-e-meta-item\">April 4, 2025<\/div><\/div><\/div>                        <div class=\"ui-e-post-text\">Ura e Kordhoc\u00ebs, e nd\u00ebrtuar rreth vitit 1820 nga Ali Pash\u00eb Tepelena, \u00ebsht\u00eb nj\u00eb monument kulture i kategoris\u00eb s\u00eb par\u00eb q\u00eb lidhte [&hellip;]<\/div>                        <div class=\"ui-e-post-meta ui-e-bottom\"><\/div>                                            <\/div>\n                <\/article>\n            <\/div>\n\n                        <\/div>\n            \t\t\t\t<\/div>\n\t\t\t\t<\/div>\n\t\t\t\t\t<\/div>\n\t\t\t\t<\/div>\n\t\t\t\t<\/div>\n\t\t","protected":false},"excerpt":{"rendered":"<p>Muhamet Gjollesha \u2013 Nj\u00eb Em\u00ebr i Lidhur me Historin\u00eb dhe Arsimin Shqiptar April 4, 2025 Muhamet Gjollesha ishte nj\u00eb figur\u00eb e shquar [&hellip;]<\/p>\n","protected":false},"author":1,"featured_media":0,"parent":0,"menu_order":0,"comment_status":"closed","ping_status":"closed","template":"","meta":{"footnotes":""},"class_list":["post-126","page","type-page","status-publish","hentry"],"_links":{"self":[{"href":"https:\/\/www.shoqatalazerati.al\/index.php?rest_route=\/wp\/v2\/pages\/126","targetHints":{"allow":["GET"]}}],"collection":[{"href":"https:\/\/www.shoqatalazerati.al\/index.php?rest_route=\/wp\/v2\/pages"}],"about":[{"href":"https:\/\/www.shoqatalazerati.al\/index.php?rest_route=\/wp\/v2\/types\/page"}],"author":[{"embeddable":true,"href":"https:\/\/www.shoqatalazerati.al\/index.php?rest_route=\/wp\/v2\/users\/1"}],"replies":[{"embeddable":true,"href":"https:\/\/www.shoqatalazerati.al\/index.php?rest_route=%2Fwp%2Fv2%2Fcomments&post=126"}],"version-history":[{"count":4,"href":"https:\/\/www.shoqatalazerati.al\/index.php?rest_route=\/wp\/v2\/pages\/126\/revisions"}],"predecessor-version":[{"id":213,"href":"https:\/\/www.shoqatalazerati.al\/index.php?rest_route=\/wp\/v2\/pages\/126\/revisions\/213"}],"wp:attachment":[{"href":"https:\/\/www.shoqatalazerati.al\/index.php?rest_route=%2Fwp%2Fv2%2Fmedia&parent=126"}],"curies":[{"name":"wp","href":"https:\/\/api.w.org\/{rel}","templated":true}]}}