{"id":124,"date":"2025-03-06T12:58:24","date_gmt":"2025-03-06T12:58:24","guid":{"rendered":"https:\/\/shoqatalazerati.al\/?page_id=124"},"modified":"2025-04-04T09:27:59","modified_gmt":"2025-04-04T09:27:59","slug":"rreth-nesh","status":"publish","type":"page","link":"https:\/\/www.shoqatalazerati.al\/?page_id=124","title":{"rendered":"Rreth Nesh"},"content":{"rendered":"\t\t<div data-elementor-type=\"wp-page\" data-elementor-id=\"124\" class=\"elementor elementor-124\" data-elementor-settings=\"{&quot;element_pack_global_tooltip_width&quot;:{&quot;unit&quot;:&quot;px&quot;,&quot;size&quot;:&quot;&quot;,&quot;sizes&quot;:[]},&quot;element_pack_global_tooltip_width_tablet&quot;:{&quot;unit&quot;:&quot;px&quot;,&quot;size&quot;:&quot;&quot;,&quot;sizes&quot;:[]},&quot;element_pack_global_tooltip_width_mobile&quot;:{&quot;unit&quot;:&quot;px&quot;,&quot;size&quot;:&quot;&quot;,&quot;sizes&quot;:[]},&quot;element_pack_global_tooltip_padding&quot;:{&quot;unit&quot;:&quot;px&quot;,&quot;top&quot;:&quot;&quot;,&quot;right&quot;:&quot;&quot;,&quot;bottom&quot;:&quot;&quot;,&quot;left&quot;:&quot;&quot;,&quot;isLinked&quot;:true},&quot;element_pack_global_tooltip_padding_tablet&quot;:{&quot;unit&quot;:&quot;px&quot;,&quot;top&quot;:&quot;&quot;,&quot;right&quot;:&quot;&quot;,&quot;bottom&quot;:&quot;&quot;,&quot;left&quot;:&quot;&quot;,&quot;isLinked&quot;:true},&quot;element_pack_global_tooltip_padding_mobile&quot;:{&quot;unit&quot;:&quot;px&quot;,&quot;top&quot;:&quot;&quot;,&quot;right&quot;:&quot;&quot;,&quot;bottom&quot;:&quot;&quot;,&quot;left&quot;:&quot;&quot;,&quot;isLinked&quot;:true},&quot;element_pack_global_tooltip_border_radius&quot;:{&quot;unit&quot;:&quot;px&quot;,&quot;top&quot;:&quot;&quot;,&quot;right&quot;:&quot;&quot;,&quot;bottom&quot;:&quot;&quot;,&quot;left&quot;:&quot;&quot;,&quot;isLinked&quot;:true},&quot;element_pack_global_tooltip_border_radius_tablet&quot;:{&quot;unit&quot;:&quot;px&quot;,&quot;top&quot;:&quot;&quot;,&quot;right&quot;:&quot;&quot;,&quot;bottom&quot;:&quot;&quot;,&quot;left&quot;:&quot;&quot;,&quot;isLinked&quot;:true},&quot;element_pack_global_tooltip_border_radius_mobile&quot;:{&quot;unit&quot;:&quot;px&quot;,&quot;top&quot;:&quot;&quot;,&quot;right&quot;:&quot;&quot;,&quot;bottom&quot;:&quot;&quot;,&quot;left&quot;:&quot;&quot;,&quot;isLinked&quot;:true}}\">\n\t\t\t\t<div class=\"elementor-element elementor-element-3c427bf e-flex e-con-boxed e-con e-parent\" data-id=\"3c427bf\" data-element_type=\"container\">\n\t\t\t\t\t<div class=\"e-con-inner\">\n\t\t\t\t<div class=\"elementor-element elementor-element-f3cf446 elementor-widget elementor-widget-spacer\" data-id=\"f3cf446\" data-element_type=\"widget\" data-widget_type=\"spacer.default\">\n\t\t\t\t<div class=\"elementor-widget-container\">\n\t\t\t\t\t\t\t<div class=\"elementor-spacer\">\r\n\t\t\t<div class=\"elementor-spacer-inner\"><\/div>\r\n\t\t<\/div>\r\n\t\t\t\t\t\t<\/div>\n\t\t\t\t<\/div>\n\t\t\t\t\t<\/div>\n\t\t\t\t<\/div>\n\t\t<div class=\"elementor-element elementor-element-6522441 e-flex e-con-boxed e-con e-parent\" data-id=\"6522441\" data-element_type=\"container\">\n\t\t\t\t\t<div class=\"e-con-inner\">\n\t\t<div class=\"elementor-element elementor-element-5b9a7ee e-con-full e-flex e-con e-child\" data-id=\"5b9a7ee\" data-element_type=\"container\">\n\t\t\t\t<div class=\"elementor-element elementor-element-38a3fc3 elementor-widget elementor-widget-text-editor\" data-id=\"38a3fc3\" data-element_type=\"widget\" data-widget_type=\"text-editor.default\">\n\t\t\t\t<div class=\"elementor-widget-container\">\n\t\t\t\t\t\t\t\t\t<h3 class=\"\" data-start=\"0\" data-end=\"48\"><strong data-start=\"4\" data-end=\"46\">Shoqata Atdhetare Lazarat<\/strong><\/h3><p class=\"\" data-start=\"50\" data-end=\"391\">Shoqata Atdhetare Lazarat \u00ebsht\u00eb nj\u00eb organizat\u00eb e krijuar me q\u00ebllim ruajtjen dhe promovimin e traditave, kultur\u00ebs dhe identitetit t\u00eb komunitetit t\u00eb Lazaratit. E themeluar nga individ\u00eb me pasion p\u00ebr historin\u00eb dhe vlerat e k\u00ebsaj treve, shoqata synon t\u00eb mb\u00ebshtes\u00eb zhvillimin e komunitetit p\u00ebrmes aktiviteteve kulturore, sociale dhe humanitare.<\/p><p class=\"\" data-start=\"393\" data-end=\"706\">Ne angazhohemi p\u00ebr t\u00eb forcuar lidhjet midis bashk\u00ebqytetar\u00ebve tan\u00eb, duke organizuar evente, projekte dhe nisma q\u00eb promovojn\u00eb bashk\u00ebpunimin dhe solidaritetin. Shoqata jon\u00eb \u00ebsht\u00eb nj\u00eb ur\u00eb lidh\u00ebse mes tradit\u00ebs dhe s\u00eb ardhmes, duke punuar p\u00ebr mir\u00ebqenien e t\u00eb gjith\u00eb an\u00ebtar\u00ebve t\u00eb komunitetit, brenda dhe jasht\u00eb vendit.<\/p><p class=\"\" data-start=\"708\" data-end=\"784\">Bashkohuni me ne p\u00ebr t\u00eb ruajtur dhe trash\u00ebguar vlerat tona brez pas brezi!<\/p>\t\t\t\t\t\t\t\t<\/div>\n\t\t\t\t<\/div>\n\t\t\t\t<\/div>\n\t\t<div class=\"elementor-element elementor-element-43db1f0 e-con-full e-flex e-con e-child\" data-id=\"43db1f0\" data-element_type=\"container\">\n\t\t\t\t<div class=\"elementor-element elementor-element-7b4e54f elementor-widget elementor-widget-image\" data-id=\"7b4e54f\" data-element_type=\"widget\" data-widget_type=\"image.default\">\n\t\t\t\t<div class=\"elementor-widget-container\">\n\t\t\t\t\t\t\t\t\t\t\t\t\t\t\t<img fetchpriority=\"high\" decoding=\"async\" width=\"1000\" height=\"644\" src=\"https:\/\/www.shoqatalazerati.al\/wp-content\/uploads\/revslider\/slider-1\/Screenshot-2025-02-26-124728-1024x659.png\" class=\"attachment-large size-large wp-image-115\" alt=\"\" srcset=\"https:\/\/www.shoqatalazerati.al\/wp-content\/uploads\/revslider\/slider-1\/Screenshot-2025-02-26-124728-1024x659.png 1024w, https:\/\/www.shoqatalazerati.al\/wp-content\/uploads\/revslider\/slider-1\/Screenshot-2025-02-26-124728-300x193.png 300w, https:\/\/www.shoqatalazerati.al\/wp-content\/uploads\/revslider\/slider-1\/Screenshot-2025-02-26-124728-768x494.png 768w, https:\/\/www.shoqatalazerati.al\/wp-content\/uploads\/revslider\/slider-1\/Screenshot-2025-02-26-124728-650x418.png 650w, https:\/\/www.shoqatalazerati.al\/wp-content\/uploads\/revslider\/slider-1\/Screenshot-2025-02-26-124728.png 1141w\" sizes=\"(max-width: 1000px) 100vw, 1000px\" \/>\t\t\t\t\t\t\t\t\t\t\t\t\t\t\t<\/div>\n\t\t\t\t<\/div>\n\t\t\t\t<\/div>\n\t\t\t\t\t<\/div>\n\t\t\t\t<\/div>\n\t\t<div class=\"elementor-element elementor-element-556757f e-flex e-con-boxed e-con e-parent\" data-id=\"556757f\" data-element_type=\"container\">\n\t\t\t\t\t<div class=\"e-con-inner\">\n\t\t\t\t<div class=\"elementor-element elementor-element-4910658 elementor-widget elementor-widget-spacer\" data-id=\"4910658\" data-element_type=\"widget\" data-widget_type=\"spacer.default\">\n\t\t\t\t<div class=\"elementor-widget-container\">\n\t\t\t\t\t\t\t<div class=\"elementor-spacer\">\r\n\t\t\t<div class=\"elementor-spacer-inner\"><\/div>\r\n\t\t<\/div>\r\n\t\t\t\t\t\t<\/div>\n\t\t\t\t<\/div>\n\t\t\t\t\t<\/div>\n\t\t\t\t<\/div>\n\t\t\t\t<\/div>\n\t\t","protected":false},"excerpt":{"rendered":"<p>Shoqata Atdhetare Lazarat Shoqata Atdhetare Lazarat \u00ebsht\u00eb nj\u00eb organizat\u00eb e krijuar me q\u00ebllim ruajtjen dhe promovimin e traditave, kultur\u00ebs dhe identitetit t\u00eb [&hellip;]<\/p>\n","protected":false},"author":1,"featured_media":0,"parent":0,"menu_order":0,"comment_status":"closed","ping_status":"closed","template":"","meta":{"footnotes":""},"class_list":["post-124","page","type-page","status-publish","hentry"],"_links":{"self":[{"href":"https:\/\/www.shoqatalazerati.al\/index.php?rest_route=\/wp\/v2\/pages\/124","targetHints":{"allow":["GET"]}}],"collection":[{"href":"https:\/\/www.shoqatalazerati.al\/index.php?rest_route=\/wp\/v2\/pages"}],"about":[{"href":"https:\/\/www.shoqatalazerati.al\/index.php?rest_route=\/wp\/v2\/types\/page"}],"author":[{"embeddable":true,"href":"https:\/\/www.shoqatalazerati.al\/index.php?rest_route=\/wp\/v2\/users\/1"}],"replies":[{"embeddable":true,"href":"https:\/\/www.shoqatalazerati.al\/index.php?rest_route=%2Fwp%2Fv2%2Fcomments&post=124"}],"version-history":[{"count":7,"href":"https:\/\/www.shoqatalazerati.al\/index.php?rest_route=\/wp\/v2\/pages\/124\/revisions"}],"predecessor-version":[{"id":233,"href":"https:\/\/www.shoqatalazerati.al\/index.php?rest_route=\/wp\/v2\/pages\/124\/revisions\/233"}],"wp:attachment":[{"href":"https:\/\/www.shoqatalazerati.al\/index.php?rest_route=%2Fwp%2Fv2%2Fmedia&parent=124"}],"curies":[{"name":"wp","href":"https:\/\/api.w.org\/{rel}","templated":true}]}}